{"id":85,"date":"2021-12-15T13:27:47","date_gmt":"2021-12-15T17:27:47","guid":{"rendered":"https:\/\/demo.creativethemes.com\/blocksy\/garderobe\/?page_id=85"},"modified":"2022-09-03T09:17:46","modified_gmt":"2022-09-03T13:17:46","slug":"refund_returns","status":"publish","type":"page","link":"https:\/\/projetos.supremaux.com\/aliancasgold\/refund_returns\/","title":{"rendered":"Pol\u00edtica de Devolu\u00e7\u00f5es e Trocas"},"content":{"rendered":"\t\t<div data-elementor-type=\"wp-page\" data-elementor-id=\"85\" class=\"elementor elementor-85\">\n\t\t\t\t\t\t<section class=\"elementor-section elementor-top-section elementor-element elementor-element-1bc38f59 elementor-section-full_width elementor-section-height-min-height elementor-section-height-default elementor-section-items-middle\" data-id=\"1bc38f59\" data-element_type=\"section\" data-e-type=\"section\" data-settings=\"{&quot;background_background&quot;:&quot;classic&quot;}\">\n\t\t\t\t\t\t\t<div class=\"elementor-background-overlay\"><\/div>\n\t\t\t\t\t\t\t<div class=\"elementor-container elementor-column-gap-default\">\n\t\t\t\t\t<div class=\"elementor-column elementor-col-100 elementor-top-column elementor-element elementor-element-6283e8b5\" data-id=\"6283e8b5\" data-element_type=\"column\" data-e-type=\"column\">\n\t\t\t<div class=\"elementor-widget-wrap elementor-element-populated\">\n\t\t\t\t\t\t<div class=\"elementor-element elementor-element-5d01853 elementor-widget elementor-widget-page-title\" data-id=\"5d01853\" data-element_type=\"widget\" data-e-type=\"widget\" data-settings=\"{&quot;align&quot;:&quot;center&quot;}\" data-widget_type=\"page-title.default\">\n\t\t\t\t<div class=\"elementor-widget-container\">\n\t\t\t\t\t\t\t\n\t\t<div class=\"hfe-page-title hfe-page-title-wrapper elementor-widget-heading\">\n\n\t\t\t\t\t\t\t\t\t\t\t<a href=\"https:\/\/projetos.supremaux.com\/aliancasgold\">\n\t\t\t\t\t\t<h2 class=\"elementor-heading-title elementor-size-default\">\n\t\t\t\t\t\t\t\t\n\t\t\t\tPol\u00edtica de Devolu\u00e7\u00f5es e Trocas  \n\t\t\t<\/h2 > \n\t\t\t\t\t\t\t\t\t<\/a>\n\t\t\t\t\t<\/div>\n\t\t\t\t\t\t<\/div>\n\t\t\t\t<\/div>\n\t\t\t\t\t<\/div>\n\t\t<\/div>\n\t\t\t\t\t<\/div>\n\t\t<\/section>\n\t\t\t\t<section class=\"elementor-section elementor-top-section elementor-element elementor-element-497435c1 elementor-section-boxed elementor-section-height-default elementor-section-height-default\" data-id=\"497435c1\" data-element_type=\"section\" data-e-type=\"section\">\n\t\t\t\t\t\t<div class=\"elementor-container elementor-column-gap-default\">\n\t\t\t\t\t<div class=\"elementor-column elementor-col-100 elementor-top-column elementor-element elementor-element-397bfc4e\" data-id=\"397bfc4e\" data-element_type=\"column\" data-e-type=\"column\">\n\t\t\t<div class=\"elementor-widget-wrap elementor-element-populated\">\n\t\t\t\t\t\t<div class=\"elementor-element elementor-element-ad7de65 elementor-widget elementor-widget-spacer\" data-id=\"ad7de65\" data-element_type=\"widget\" data-e-type=\"widget\" data-widget_type=\"spacer.default\">\n\t\t\t\t\t\t\t<div class=\"elementor-spacer\">\n\t\t\t<div class=\"elementor-spacer-inner\"><\/div>\n\t\t<\/div>\n\t\t\t\t\t\t<\/div>\n\t\t\t\t<div class=\"elementor-element elementor-element-70e9aca7 elementor-widget elementor-widget-text-editor\" data-id=\"70e9aca7\" data-element_type=\"widget\" data-e-type=\"widget\" data-widget_type=\"text-editor.default\">\n\t\t\t\t\t\t\t\t\t\n<h3>Troca de Produtos<\/h3>\n\n<p>A primeira troca de produto(s) \u00e9 Gr\u00e1tis! Os custos de devolu\u00e7\u00e3o do produto para a Alian\u00e7as Gold e o Reenvio para o Cliente, s\u00e3o de responsabilidade da Alian\u00e7as Gold.<br \/>A troca s\u00f3 pode ser solicitada dentro de 7 (sete) dias corridos a contar da data de recebimento do pedido no endere\u00e7o informado.<br \/>Caso seja necess\u00e1rio realizar uma segunda troca, os custos envio ficar\u00e3o por conta do cliente. O atendente informar\u00e1 os valores de acordo com o CEP do cliente no momento da solicita\u00e7\u00e3o.<\/p>\n\n<h2>Cancelamento de Pedidos<\/h2>\n\n<p>\u00c9 poss\u00edvel realizar o cancelamento do pedido dentro do prazo de 7 (sete) dias a contar da data de recebimento no endere\u00e7o informado.<br \/>O atendente informar\u00e1 como proceder com o cancelamento, em resumo, o cliente precisa devolver os produtos adquiridos para Alian\u00e7as Gold. Ap\u00f3s o recebimento, a Alian\u00e7as Gold entrar\u00e1 com a solicita\u00e7\u00e3o de reembolso ou estorno do valor total | Valor do Produto Valor do Frete (caso tenha).<br \/>Para pedidos comprados via Boleto, ser\u00e1 realizado um reembolso em Conta Corrente que tenha os mesmos dados do titular da compra.<br \/>Para pedidos comprados via Cart\u00e3o, ser\u00e1 solicitado um estorno do valor junto \u00e0 operadora do cart\u00e3o de cr\u00e9dito. Normalmente os estornos s\u00e3o visualizados na fatura do cart\u00e3o do m\u00eas seguinte.<\/p>\n\n<h2>Garantia Alian\u00e7as Gold<\/h2>\n\n<p>A Alian\u00e7as Gold est\u00e1 na ativa h\u00e1 mais de 50 anos e preza pela qualidade nos produtos e servi\u00e7os prestados.<br \/>Todas joias dispon\u00edveis no site e nas mais de 80 lojas Alian\u00e7as Gold tem a garantia da proced\u00eancia e pureza dos metais \u2013 Ouro 10K 416, Ouro 18K 750 e da Prata de Lei 0,925. Todas as joias adquiridas na Alian\u00e7as Gold possuem certificado de origem e garantia permanente da autenticidade dos metais e pedras preciosas ou pedras sint\u00e9ticas.<br \/>Ao adquirir uma Joia Alian\u00e7as Gold , voc\u00ea receber\u00e1 o Certificado de Garantia, onde destacamos os servi\u00e7os e benef\u00edcios da pe\u00e7a. EX: Em caso de Alian\u00e7as Lisas, \u00e9 poss\u00edvel realizar gratuitamente o polimento da pe\u00e7a em qualquer uma de nossas lojas f\u00edsicas.<br \/>Vale ressaltar que n\u00e3o est\u00e1 incluso na garantia situa\u00e7\u00f5es como: quebras da pe\u00e7a em decorr\u00eancia de uso indevido, rachaduras, amassados, perda de pedras, perda de pe\u00e7as que comp\u00f5em as joias e desgastes causados pelo uso cont\u00ednuo ou provocados por contato com produtos qu\u00edmicos.<\/p>\n\t\t\t\t\t\t\t\t<\/div>\n\t\t\t\t<div class=\"elementor-element elementor-element-1077d46 elementor-widget elementor-widget-spacer\" data-id=\"1077d46\" data-element_type=\"widget\" data-e-type=\"widget\" data-widget_type=\"spacer.default\">\n\t\t\t\t\t\t\t<div class=\"elementor-spacer\">\n\t\t\t<div class=\"elementor-spacer-inner\"><\/div>\n\t\t<\/div>\n\t\t\t\t\t\t<\/div>\n\t\t\t\t\t<\/div>\n\t\t<\/div>\n\t\t\t\t\t<\/div>\n\t\t<\/section>\n\t\t\t\t<\/div>\n\t\t","protected":false},"excerpt":{"rendered":"<p>Pol\u00edtica de Devolu\u00e7\u00f5es e Trocas Troca de Produtos A primeira troca de produto(s) \u00e9 Gr\u00e1tis! Os custos de devolu\u00e7\u00e3o do produto para a Alian\u00e7as Gold e o Reenvio para o Cliente, s\u00e3o de responsabilidade da Alian\u00e7as Gold.A troca s\u00f3 pode ser solicitada dentro de 7 (sete) dias corridos a contar da data de recebimento do [&hellip;]<\/p>\n","protected":false},"author":1,"featured_media":0,"parent":0,"menu_order":0,"comment_status":"closed","ping_status":"closed","template":"elementor_header_footer","meta":{"_joinchat":[],"footnotes":""},"class_list":["post-85","page","type-page","status-publish","hentry"],"blocksy_meta":{"styles_descriptor":{"styles":{"desktop":"","tablet":"","mobile":""},"google_fonts":[],"version":6}},"_links":{"self":[{"href":"https:\/\/projetos.supremaux.com\/aliancasgold\/wp-json\/wp\/v2\/pages\/85","targetHints":{"allow":["GET"]}}],"collection":[{"href":"https:\/\/projetos.supremaux.com\/aliancasgold\/wp-json\/wp\/v2\/pages"}],"about":[{"href":"https:\/\/projetos.supremaux.com\/aliancasgold\/wp-json\/wp\/v2\/types\/page"}],"author":[{"embeddable":true,"href":"https:\/\/projetos.supremaux.com\/aliancasgold\/wp-json\/wp\/v2\/users\/1"}],"replies":[{"embeddable":true,"href":"https:\/\/projetos.supremaux.com\/aliancasgold\/wp-json\/wp\/v2\/comments?post=85"}],"version-history":[{"count":8,"href":"https:\/\/projetos.supremaux.com\/aliancasgold\/wp-json\/wp\/v2\/pages\/85\/revisions"}],"predecessor-version":[{"id":1861,"href":"https:\/\/projetos.supremaux.com\/aliancasgold\/wp-json\/wp\/v2\/pages\/85\/revisions\/1861"}],"wp:attachment":[{"href":"https:\/\/projetos.supremaux.com\/aliancasgold\/wp-json\/wp\/v2\/media?parent=85"}],"curies":[{"name":"wp","href":"https:\/\/api.w.org\/{rel}","templated":true}]}}